{"id":6860,"date":"2026-04-21T20:07:37","date_gmt":"2026-04-21T18:07:37","guid":{"rendered":"https:\/\/turquino-zermatt.ch\/?page_id=6860"},"modified":"2026-04-21T21:01:46","modified_gmt":"2026-04-21T19:01:46","slug":"prices-contact","status":"publish","type":"page","link":"https:\/\/turquino-zermatt.ch\/de\/prices-contact\/","title":{"rendered":"Preise &amp; Kontakt"},"content":{"rendered":"<div data-elementor-type=\"wp-page\" data-elementor-id=\"6860\" class=\"elementor elementor-6860\" data-elementor-post-type=\"page\">\n\t\t\t\t<div class=\"elementor-element elementor-element-a4e56a3 e-flex e-con-boxed e-con e-parent\" data-id=\"a4e56a3\" data-element_type=\"container\" data-e-type=\"container\">\n\t\t\t\t\t<div class=\"e-con-inner\">\n\t\t\t\t<div class=\"elementor-element elementor-element-ece92ff elementor-widget elementor-widget-cs_title\" data-id=\"ece92ff\" data-element_type=\"widget\" data-e-type=\"widget\" data-widget_type=\"cs_title.default\">\n\t\t\t\t<div class=\"elementor-widget-container\">\n\t\t\t\t\t\n        <div class=\"cs-title-wrap text-center\">\t            <div class=\"cs-subtitle-wrap\"><span class=\"cs-subtitle\">Wir sind hier, um Ihnen zu helfen<\/span><\/div>\t            <h3 class=\"cs-title\">\n\t                Kontakt aufnehmen\t            <\/h3>\t            <div class=\"cs-title-text\">\n\t                <p data-start=\"106\" data-end=\"164\">Wir helfen Ihnen gerne bei Ihrem Aufenthalt in Zermatt.<\/p><p data-start=\"166\" data-end=\"344\">Wenn Sie Fragen haben, besondere W\u00fcnsche \u00e4u\u00dfern oder die Verf\u00fcgbarkeit pr\u00fcfen m\u00f6chten, z\u00f6gern Sie bitte nicht, uns zu kontaktieren. Wir helfen Ihnen gerne dabei, einen angenehmen und unvergesslichen Aufenthalt zu planen.<\/p><h3 data-section-id=\"5l5hqs\" data-start=\"363\" data-end=\"386\"><span role=\"text\">Anfrage senden<\/span><\/h3><p data-start=\"388\" data-end=\"492\">Sie erreichen uns direkt \u00fcber das Kontaktformular oder per E-Mail. Wir werden uns so schnell wie m\u00f6glich bei Ihnen melden.<\/p>\t            <\/div>                <div class=\"cs-title-btn\">\n                    <a class=\"button elementor-button-link\" role=\"button\" href=\"mailto:info@stay-zermatt.ch\">\n                        <span class=\"cs-btn-text\">E-Mail senden<\/span>                    <\/a>\n                <\/div>\n                    <\/div>\t\t\t\t<\/div>\n\t\t\t\t<\/div>\n\t\t\t\t\t<\/div>\n\t\t\t\t<\/div>\n\t\t<div class=\"elementor-element elementor-element-535445a e-flex e-con-boxed e-con e-parent\" data-id=\"535445a\" data-element_type=\"container\" data-e-type=\"container\">\n\t\t\t\t\t<div class=\"e-con-inner\">\n\t\t\t\t<div class=\"elementor-element elementor-element-b863f93 elementor-widget elementor-widget-heading\" data-id=\"b863f93\" data-element_type=\"widget\" data-e-type=\"widget\" data-widget_type=\"heading.default\">\n\t\t\t\t<div class=\"elementor-widget-container\">\n\t\t\t\t\t<h2 class=\"elementor-heading-title elementor-size-default\">Kontakt-Formular<\/h2>\t\t\t\t<\/div>\n\t\t\t\t<\/div>\n\t\t\t\t<div class=\"elementor-element elementor-element-c56292e elementor-widget elementor-widget-cs_form_cf7\" data-id=\"c56292e\" data-element_type=\"widget\" data-e-type=\"widget\" data-widget_type=\"cs_form_cf7.default\">\n\t\t\t\t<div class=\"elementor-widget-container\">\n\t\t\t\t\t            <div class=\"cs-form-cf7 placeholder-normal\">\n                <div class=\"cs-form-cf7-wrap\">\n<div class=\"wpcf7 no-js\" id=\"wpcf7-f2498-o1\" lang=\"en-US\" dir=\"ltr\" data-wpcf7-id=\"2498\">\n<div class=\"screen-reader-response\"><p role=\"status\" aria-live=\"polite\" aria-atomic=\"true\"><\/p> <ul><\/ul><\/div>\n<form action=\"\/de\/wp-json\/wp\/v2\/pages\/6860#wpcf7-f2498-o1\" method=\"post\" class=\"wpcf7-form init\" aria-label=\"Kontakt-Formular\" novalidate=\"novalidate\" data-status=\"init\" data-trp-original-action=\"\/de\/wp-json\/wp\/v2\/pages\/6860#wpcf7-f2498-o1\">\n<fieldset class=\"hidden-fields-container\"><input type=\"hidden\" name=\"_wpcf7\" value=\"2498\" \/><input type=\"hidden\" name=\"_wpcf7_version\" value=\"6.1.5\" \/><input type=\"hidden\" name=\"_wpcf7_locale\" value=\"en_US\" \/><input type=\"hidden\" name=\"_wpcf7_unit_tag\" value=\"wpcf7-f2498-o1\" \/><input type=\"hidden\" name=\"_wpcf7_container_post\" value=\"0\" \/><input type=\"hidden\" name=\"_wpcf7_posted_data_hash\" value=\"\" \/>\n<\/fieldset>\n<p><label><span class=\"wpcf7-form-control-wrap\" data-name=\"your-name\"><input size=\"40\" maxlength=\"400\" class=\"wpcf7-form-control wpcf7-text wpcf7-validates-as-required\" autocomplete=\"name\" aria-required=\"true\" aria-invalid=\"false\" placeholder=\"Ihr Vor- und Nachname\" value=\"\" type=\"text\" name=\"your-name\" \/><\/span> <\/label>\n<\/p>\n<p><label><span class=\"wpcf7-form-control-wrap\" data-name=\"your-email\"><input size=\"40\" maxlength=\"400\" class=\"wpcf7-form-control wpcf7-email wpcf7-validates-as-required wpcf7-text wpcf7-validates-as-email\" autocomplete=\"email\" aria-required=\"true\" aria-invalid=\"false\" placeholder=\"Ihre E-Mail Adresse\" value=\"\" type=\"email\" name=\"your-email\" \/><\/span> <\/label>\n<\/p>\n<p><label><span class=\"wpcf7-form-control-wrap\" data-name=\"your-message\"><textarea cols=\"40\" rows=\"10\" maxlength=\"2000\" class=\"wpcf7-form-control wpcf7-textarea\" aria-invalid=\"false\" placeholder=\"Ihre Nachricht an uns\" name=\"your-message\"><\/textarea><\/span> <\/label>\n<\/p>\n<p><input class=\"wpcf7-form-control wpcf7-submit has-spinner\" type=\"submit\" value=\"Anfrage absenden\" \/>\n<\/p><div class=\"wpcf7-response-output\" aria-hidden=\"true\"><\/div>\n<input type=\"hidden\" name=\"trp-form-language\" value=\"de\"\/><\/form>\n<\/div>\n<\/div>\n            <\/div>\t\t\t\t<\/div>\n\t\t\t\t<\/div>\n\t\t\t\t\t<\/div>\n\t\t\t\t<\/div>\n\t\t\t\t<\/div>","protected":false},"excerpt":{"rendered":"<p>We are here to assist you Get in Touch We would be happy to assist you with your stay in Zermatt. If you have any questions, special requests, or would like to check availability, please feel free to get in touch. We are here to help you plan a comfortable and memorable stay. Send an &#8230;<\/p>","protected":false},"author":2,"featured_media":6879,"parent":0,"menu_order":6,"comment_status":"closed","ping_status":"closed","template":"template-fullwidth.php","meta":{"inline_featured_image":false,"cozystay_single_page_hide_site_header":"","cozystay_single_page_site_header_source":"","cozystay_single_page_custom_site_header":"0","cozystay_single_page_custom_sticky_site_header":"0","cozystay_single_page_hide_page_title":"","cozystay_single_page_header_section_size":"","cozystay_single_page_header_background_color":"","cozystay_single_page_header_background_position_x":"center","cozystay_single_page_header_background_position_y":"center","cozystay_single_page_header_background_size":"cover","cozystay_single_page_header_background_repeat":"off","cozystay_single_page_header_background_scroll":"on","cozystay_single_page_header_text_color":"","cozystay_single_page_header_show_breadcrumb":"","cozystay_single_page_site_footer_hide_main":"","cozystay_single_custom_site_footer_main_source":"","cozystay_single_custom_site_footer_main":"0","cozystay_single_page_site_footer_hide_above":"","cozystay_single_custom_site_footer_above_source":"","cozystay_single_custom_site_footer_above":"0","cozystay_single_page_site_footer_hide_instagram":"","cozystay_single_page_site_footer_hide_bottom":"","cozystay_single_custom_mobile_menu_source":"","cozystay_single_custom_mobile_menu":"0","cozystay_single_custom_mobile_menu_animation":"","cozystay_single_custom_mobile_menu_width":"","cozystay_single_custom_mobile_menu_custom_width":375,"footnotes":""},"class_list":["post-6860","page","type-page","status-publish","has-post-thumbnail","hentry"],"yoast_head":"<!-- This site is optimized with the Yoast SEO plugin v27.4 - https:\/\/yoast.com\/product\/yoast-seo-wordpress\/ -->\n<title>Arrival &amp; Contact \u2013 Turquino Zermatt Apartments<\/title>\n<meta name=\"description\" content=\"Find your way to Turquino Zermatt Apartments. Travel information, directions and contact details for a smooth arrival in the Swiss Alps.\" \/>\n<meta name=\"robots\" content=\"index, follow, max-snippet:-1, max-image-preview:large, max-video-preview:-1\" \/>\n<link rel=\"canonical\" href=\"https:\/\/turquino-zermatt.ch\/de\/prices-contact\/\" \/>\n<meta property=\"og:locale\" content=\"de_DE\" \/>\n<meta property=\"og:type\" content=\"article\" \/>\n<meta property=\"og:title\" content=\"Arrival &amp; Contact \u2013 Turquino Zermatt Apartments\" \/>\n<meta property=\"og:description\" content=\"Find your way to Turquino Zermatt Apartments. Travel information, directions and contact details for a smooth arrival in the Swiss Alps.\" \/>\n<meta property=\"og:url\" content=\"https:\/\/turquino-zermatt.ch\/de\/prices-contact\/\" \/>\n<meta property=\"og:site_name\" content=\"Chalet Turquino\" \/>\n<meta property=\"article:modified_time\" content=\"2026-04-21T19:01:46+00:00\" \/>\n<meta property=\"og:image\" content=\"https:\/\/turquino-zermatt.ch\/wp-content\/uploads\/2026\/04\/Chalet_Turquino_Front.webp\" \/>\n\t<meta property=\"og:image:width\" content=\"2000\" \/>\n\t<meta property=\"og:image:height\" content=\"1334\" \/>\n\t<meta property=\"og:image:type\" content=\"image\/webp\" \/>\n<meta name=\"twitter:card\" content=\"summary_large_image\" \/>\n<meta name=\"twitter:label1\" content=\"Gesch\u00e4tzte Lesezeit\" \/>\n\t<meta name=\"twitter:data1\" content=\"1\u00a0Minute\" \/>\n<script type=\"application\/ld+json\" class=\"yoast-schema-graph\">{\"@context\":\"https:\\\/\\\/schema.org\",\"@graph\":[{\"@type\":\"WebPage\",\"@id\":\"https:\\\/\\\/turquino-zermatt.ch\\\/prices-contact\\\/\",\"url\":\"https:\\\/\\\/turquino-zermatt.ch\\\/prices-contact\\\/\",\"name\":\"Arrival & Contact \u2013 Turquino Zermatt Apartments\",\"isPartOf\":{\"@id\":\"https:\\\/\\\/turquino-zermatt.ch\\\/de\\\/#website\"},\"primaryImageOfPage\":{\"@id\":\"https:\\\/\\\/turquino-zermatt.ch\\\/prices-contact\\\/#primaryimage\"},\"image\":{\"@id\":\"https:\\\/\\\/turquino-zermatt.ch\\\/prices-contact\\\/#primaryimage\"},\"thumbnailUrl\":\"https:\\\/\\\/turquino-zermatt.ch\\\/wp-content\\\/uploads\\\/2026\\\/04\\\/Chalet_Turquino_Front.webp\",\"datePublished\":\"2026-04-21T18:07:37+00:00\",\"dateModified\":\"2026-04-21T19:01:46+00:00\",\"description\":\"Find your way to Turquino Zermatt Apartments. Travel information, directions and contact details for a smooth arrival in the Swiss Alps.\",\"breadcrumb\":{\"@id\":\"https:\\\/\\\/turquino-zermatt.ch\\\/prices-contact\\\/#breadcrumb\"},\"inLanguage\":\"de-CH\",\"potentialAction\":[{\"@type\":\"ReadAction\",\"target\":[\"https:\\\/\\\/turquino-zermatt.ch\\\/prices-contact\\\/\"]}]},{\"@type\":\"ImageObject\",\"inLanguage\":\"de-CH\",\"@id\":\"https:\\\/\\\/turquino-zermatt.ch\\\/prices-contact\\\/#primaryimage\",\"url\":\"https:\\\/\\\/turquino-zermatt.ch\\\/wp-content\\\/uploads\\\/2026\\\/04\\\/Chalet_Turquino_Front.webp\",\"contentUrl\":\"https:\\\/\\\/turquino-zermatt.ch\\\/wp-content\\\/uploads\\\/2026\\\/04\\\/Chalet_Turquino_Front.webp\",\"width\":2000,\"height\":1334,\"caption\":\"Chalet Turquino Zermatt Front view\"},{\"@type\":\"BreadcrumbList\",\"@id\":\"https:\\\/\\\/turquino-zermatt.ch\\\/prices-contact\\\/#breadcrumb\",\"itemListElement\":[{\"@type\":\"ListItem\",\"position\":1,\"name\":\"Home\",\"item\":\"https:\\\/\\\/turquino-zermatt.ch\\\/\"},{\"@type\":\"ListItem\",\"position\":2,\"name\":\"Prices &#038; Contact\"}]},{\"@type\":\"WebSite\",\"@id\":\"https:\\\/\\\/turquino-zermatt.ch\\\/de\\\/#website\",\"url\":\"https:\\\/\\\/turquino-zermatt.ch\\\/de\\\/\",\"name\":\"Chalet Turquino\",\"description\":\"Top of Zermatt\",\"publisher\":{\"@id\":\"https:\\\/\\\/turquino-zermatt.ch\\\/de\\\/#organization\"},\"potentialAction\":[{\"@type\":\"SearchAction\",\"target\":{\"@type\":\"EntryPoint\",\"urlTemplate\":\"https:\\\/\\\/turquino-zermatt.ch\\\/de\\\/?s={search_term_string}\"},\"query-input\":{\"@type\":\"PropertyValueSpecification\",\"valueRequired\":true,\"valueName\":\"search_term_string\"}}],\"inLanguage\":\"de-CH\"},{\"@type\":\"Organization\",\"@id\":\"https:\\\/\\\/turquino-zermatt.ch\\\/de\\\/#organization\",\"name\":\"Chalet Turquino\",\"url\":\"https:\\\/\\\/turquino-zermatt.ch\\\/de\\\/\",\"logo\":{\"@type\":\"ImageObject\",\"inLanguage\":\"de-CH\",\"@id\":\"https:\\\/\\\/turquino-zermatt.ch\\\/de\\\/#\\\/schema\\\/logo\\\/image\\\/\",\"url\":\"https:\\\/\\\/turquino-zermatt.ch\\\/wp-content\\\/uploads\\\/2026\\\/02\\\/Chalet_Turquino_Quer_Neg.svg\",\"contentUrl\":\"https:\\\/\\\/turquino-zermatt.ch\\\/wp-content\\\/uploads\\\/2026\\\/02\\\/Chalet_Turquino_Quer_Neg.svg\",\"width\":578,\"height\":132,\"caption\":\"Chalet Turquino\"},\"image\":{\"@id\":\"https:\\\/\\\/turquino-zermatt.ch\\\/de\\\/#\\\/schema\\\/logo\\\/image\\\/\"}}]}<\/script>\n<!-- \/ Yoast SEO plugin. -->","yoast_head_json":{"title":"Anreise &amp; Kontakt - Turquino Zermatt Apartments","description":"Finden Sie Ihren Weg zu Turquino Zermatt Apartments. Reiseinformationen, Wegbeschreibung und Kontaktdaten f\u00fcr eine reibungslose Anreise in die Schweizer Alpen.","robots":{"index":"index","follow":"follow","max-snippet":"max-snippet:-1","max-image-preview":"max-image-preview:large","max-video-preview":"max-video-preview:-1"},"canonical":"https:\/\/turquino-zermatt.ch\/de\/prices-contact\/","og_locale":"de_DE","og_type":"article","og_title":"Arrival & Contact \u2013 Turquino Zermatt Apartments","og_description":"Find your way to Turquino Zermatt Apartments. Travel information, directions and contact details for a smooth arrival in the Swiss Alps.","og_url":"https:\/\/turquino-zermatt.ch\/de\/prices-contact\/","og_site_name":"Chalet Turquino","article_modified_time":"2026-04-21T19:01:46+00:00","og_image":[{"width":2000,"height":1334,"url":"https:\/\/turquino-zermatt.ch\/wp-content\/uploads\/2026\/04\/Chalet_Turquino_Front.webp","type":"image\/webp"}],"twitter_card":"summary_large_image","twitter_misc":{"Gesch\u00e4tzte Lesezeit":"1\u00a0Minute"},"schema":{"@context":"https:\/\/schema.org","@graph":[{"@type":"WebPage","@id":"https:\/\/turquino-zermatt.ch\/prices-contact\/","url":"https:\/\/turquino-zermatt.ch\/prices-contact\/","name":"Anreise &amp; Kontakt - Turquino Zermatt Apartments","isPartOf":{"@id":"https:\/\/turquino-zermatt.ch\/de\/#website"},"primaryImageOfPage":{"@id":"https:\/\/turquino-zermatt.ch\/prices-contact\/#primaryimage"},"image":{"@id":"https:\/\/turquino-zermatt.ch\/prices-contact\/#primaryimage"},"thumbnailUrl":"https:\/\/turquino-zermatt.ch\/wp-content\/uploads\/2026\/04\/Chalet_Turquino_Front.webp","datePublished":"2026-04-21T18:07:37+00:00","dateModified":"2026-04-21T19:01:46+00:00","description":"Finden Sie Ihren Weg zu Turquino Zermatt Apartments. Reiseinformationen, Wegbeschreibung und Kontaktdaten f\u00fcr eine reibungslose Anreise in die Schweizer Alpen.","breadcrumb":{"@id":"https:\/\/turquino-zermatt.ch\/prices-contact\/#breadcrumb"},"inLanguage":"de-CH","potentialAction":[{"@type":"ReadAction","target":["https:\/\/turquino-zermatt.ch\/prices-contact\/"]}]},{"@type":"ImageObject","inLanguage":"de-CH","@id":"https:\/\/turquino-zermatt.ch\/prices-contact\/#primaryimage","url":"https:\/\/turquino-zermatt.ch\/wp-content\/uploads\/2026\/04\/Chalet_Turquino_Front.webp","contentUrl":"https:\/\/turquino-zermatt.ch\/wp-content\/uploads\/2026\/04\/Chalet_Turquino_Front.webp","width":2000,"height":1334,"caption":"Chalet Turquino Zermatt Front view"},{"@type":"BreadcrumbList","@id":"https:\/\/turquino-zermatt.ch\/prices-contact\/#breadcrumb","itemListElement":[{"@type":"ListItem","position":1,"name":"Home","item":"https:\/\/turquino-zermatt.ch\/"},{"@type":"ListItem","position":2,"name":"Prices &#038; Contact"}]},{"@type":"WebSite","@id":"https:\/\/turquino-zermatt.ch\/de\/#website","url":"https:\/\/turquino-zermatt.ch\/de\/","name":"Chalet Turquino Zermatt","description":"Gipfel von Zermatt","publisher":{"@id":"https:\/\/turquino-zermatt.ch\/de\/#organization"},"potentialAction":[{"@type":"SearchAction","target":{"@type":"EntryPoint","urlTemplate":"https:\/\/turquino-zermatt.ch\/de\/?s={search_term_string}"},"query-input":{"@type":"PropertyValueSpecification","valueRequired":true,"valueName":"search_term_string"}}],"inLanguage":"de-CH"},{"@type":"Organization","@id":"https:\/\/turquino-zermatt.ch\/de\/#organization","name":"Chalet Turquino Zermatt","url":"https:\/\/turquino-zermatt.ch\/de\/","logo":{"@type":"ImageObject","inLanguage":"de-CH","@id":"https:\/\/turquino-zermatt.ch\/de\/#\/schema\/logo\/image\/","url":"https:\/\/turquino-zermatt.ch\/wp-content\/uploads\/2026\/02\/Chalet_Turquino_Quer_Neg.svg","contentUrl":"https:\/\/turquino-zermatt.ch\/wp-content\/uploads\/2026\/02\/Chalet_Turquino_Quer_Neg.svg","width":578,"height":132,"caption":"Chalet Turquino"},"image":{"@id":"https:\/\/turquino-zermatt.ch\/de\/#\/schema\/logo\/image\/"}}]}},"_links":{"self":[{"href":"https:\/\/turquino-zermatt.ch\/de\/wp-json\/wp\/v2\/pages\/6860","targetHints":{"allow":["GET"]}}],"collection":[{"href":"https:\/\/turquino-zermatt.ch\/de\/wp-json\/wp\/v2\/pages"}],"about":[{"href":"https:\/\/turquino-zermatt.ch\/de\/wp-json\/wp\/v2\/types\/page"}],"author":[{"embeddable":true,"href":"https:\/\/turquino-zermatt.ch\/de\/wp-json\/wp\/v2\/users\/2"}],"replies":[{"embeddable":true,"href":"https:\/\/turquino-zermatt.ch\/de\/wp-json\/wp\/v2\/comments?post=6860"}],"version-history":[{"count":10,"href":"https:\/\/turquino-zermatt.ch\/de\/wp-json\/wp\/v2\/pages\/6860\/revisions"}],"predecessor-version":[{"id":6891,"href":"https:\/\/turquino-zermatt.ch\/de\/wp-json\/wp\/v2\/pages\/6860\/revisions\/6891"}],"wp:featuredmedia":[{"embeddable":true,"href":"https:\/\/turquino-zermatt.ch\/de\/wp-json\/wp\/v2\/media\/6879"}],"wp:attachment":[{"href":"https:\/\/turquino-zermatt.ch\/de\/wp-json\/wp\/v2\/media?parent=6860"}],"curies":[{"name":"wp","href":"https:\/\/api.w.org\/{rel}","templated":true}]}}